{"id":20,"date":"2024-03-20T11:09:02","date_gmt":"2024-03-20T14:09:02","guid":{"rendered":"https:\/\/blog.airsell.com.br\/?page_id=20"},"modified":"2024-03-21T12:22:40","modified_gmt":"2024-03-21T15:22:40","slug":"sobre-nos","status":"publish","type":"page","link":"https:\/\/blog.airsell.com.br\/?page_id=20","title":{"rendered":"Sobre n\u00f3s"},"content":{"rendered":"\t\t<div data-elementor-type=\"wp-page\" data-elementor-id=\"20\" class=\"elementor elementor-20\" data-elementor-post-type=\"page\">\n\t\t\t\t<div class=\"elementor-element elementor-element-cc07a22 e-flex e-con-boxed e-con e-parent\" data-id=\"cc07a22\" data-element_type=\"container\" data-settings=\"{&quot;background_background&quot;:&quot;classic&quot;,&quot;background_motion_fx_motion_fx_scrolling&quot;:&quot;yes&quot;,&quot;background_motion_fx_devices&quot;:[&quot;desktop&quot;,&quot;tablet&quot;,&quot;mobile&quot;]}\">\n\t\t\t\t\t<div class=\"e-con-inner\">\n\t\t\t\t<div class=\"elementor-element elementor-element-f27c8d4 elementor-widget elementor-widget-heading\" data-id=\"f27c8d4\" data-element_type=\"widget\" data-widget_type=\"heading.default\">\n\t\t\t\t<div class=\"elementor-widget-container\">\n\t\t\t\t\t<h2 class=\"elementor-heading-title elementor-size-default\">Air Sell Loca\u00e7\u00f5es<\/h2>\t\t\t\t<\/div>\n\t\t\t\t<\/div>\n\t\t\t\t<div class=\"elementor-element elementor-element-70bf4a29 elementor-widget elementor-widget-text-editor\" data-id=\"70bf4a29\" data-element_type=\"widget\" data-widget_type=\"text-editor.default\">\n\t\t\t\t<div class=\"elementor-widget-container\">\n\t\t\t\t\t\t\t\t\t<p><\/p>\n<p>Somos uma empresa de loca\u00e7\u00e3o, venda e manuten\u00e7\u00e3o de compressores, acess\u00f3rios para os mesmo e ferramentas pneum\u00e1ticas. Criada e legalizada em 2014, por seu fundador Edilson Jos\u00e9.<\/p>\n<p><\/p>\n<p><\/p>\n<p>Apesar da rec\u00eancia a mesma est\u00e1 se consolidando no mercado de trabalho devido ao seu \u00eaxito no atendimento , conta com o auxilio de uma equipe capacitada e dispon\u00edvel para trazer satisfa\u00e7\u00e3o na sua empreitada.<\/p>\n<p><\/p>\n<p><\/p>\n<p>Com uma frota constantemente renovada e equipamentos de primeira linha, a empresa tornou-se refer\u00eancia na loca\u00e7\u00e3o, manuten\u00e7\u00e3o e venda de compressores de ar port\u00e1teis diesel para constru\u00e7\u00e3o civil, compressores el\u00e9tricos para a ind\u00fastria, ferramentas pneum\u00e1ticas e equipamentos para tratamento de ar.<\/p>\n<p><\/p>\n<p><\/p>\n<p>\u00a0<\/p>\n<p><\/p>\t\t\t\t\t\t\t\t<\/div>\n\t\t\t\t<\/div>\n\t\t\t\t<div class=\"elementor-element elementor-element-11fc161 elementor-widget elementor-widget-image\" data-id=\"11fc161\" data-element_type=\"widget\" data-widget_type=\"image.default\">\n\t\t\t\t<div class=\"elementor-widget-container\">\n\t\t\t\t\t\t\t\t\t\t\t\t\t\t\t<img fetchpriority=\"high\" decoding=\"async\" width=\"680\" height=\"471\" src=\"https:\/\/blog.airsell.com.br\/wp-content\/uploads\/2024\/03\/air.jpg\" class=\"attachment-large size-large wp-image-70\" alt=\"\" srcset=\"https:\/\/blog.airsell.com.br\/wp-content\/uploads\/2024\/03\/air.jpg 680w, https:\/\/blog.airsell.com.br\/wp-content\/uploads\/2024\/03\/air-300x208.jpg 300w, https:\/\/blog.airsell.com.br\/wp-content\/uploads\/2024\/03\/air-600x416.jpg 600w\" sizes=\"(max-width: 680px) 100vw, 680px\" \/>\t\t\t\t\t\t\t\t\t\t\t\t\t\t\t<\/div>\n\t\t\t\t<\/div>\n\t\t\t\t<div class=\"elementor-element elementor-element-d1c6c72 elementor-align-center elementor-widget elementor-widget-button\" data-id=\"d1c6c72\" data-element_type=\"widget\" data-widget_type=\"button.default\">\n\t\t\t\t<div class=\"elementor-widget-container\">\n\t\t\t\t\t\t\t\t\t<div class=\"elementor-button-wrapper\">\n\t\t\t\t\t<a class=\"elementor-button elementor-button-link elementor-size-sm\" href=\"https:\/\/blog.airsell.com.br\/?page_id=22\">\n\t\t\t\t\t\t<span class=\"elementor-button-content-wrapper\">\n\t\t\t\t\t\t\t\t\t<span class=\"elementor-button-text\">Fale conosco<\/span>\n\t\t\t\t\t<\/span>\n\t\t\t\t\t<\/a>\n\t\t\t\t<\/div>\n\t\t\t\t\t\t\t\t<\/div>\n\t\t\t\t<\/div>\n\t\t<div class=\"elementor-element elementor-element-7400968 e-flex e-con-boxed e-con e-child\" data-id=\"7400968\" data-element_type=\"container\">\n\t\t\t\t\t<div class=\"e-con-inner\">\n\t\t\t\t\t<\/div>\n\t\t\t\t<\/div>\n\t\t\t\t\t<\/div>\n\t\t\t\t<\/div>\n\t\t\t\t<\/div>\n\t\t","protected":false},"excerpt":{"rendered":"<p>Air Sell Loca\u00e7\u00f5es Somos uma empresa de loca\u00e7\u00e3o, venda e manuten\u00e7\u00e3o de compressores, acess\u00f3rios para os mesmo e ferramentas pneum\u00e1ticas. Criada e legalizada em 2014, por seu fundador Edilson Jos\u00e9. Apesar da rec\u00eancia a mesma est\u00e1 se consolidando no mercado de trabalho devido ao seu \u00eaxito no atendimento , conta com o auxilio de uma [&hellip;]<\/p>\n","protected":false},"author":1,"featured_media":0,"parent":22,"menu_order":0,"comment_status":"closed","ping_status":"closed","template":"elementor_header_footer","meta":{"_joinchat":[],"footnotes":""},"class_list":["post-20","page","type-page","status-publish","hentry"],"yoast_head":"<!-- This site is optimized with the Yoast SEO plugin v25.3.1 - https:\/\/yoast.com\/wordpress\/plugins\/seo\/ -->\n<title>Sobre n\u00f3s - Blog AirSell<\/title>\n<meta name=\"robots\" content=\"index, follow, max-snippet:-1, max-image-preview:large, max-video-preview:-1\" \/>\n<link rel=\"canonical\" href=\"https:\/\/blog.airsell.com.br\/?page_id=20\" \/>\n<meta property=\"og:locale\" content=\"en_US\" \/>\n<meta property=\"og:type\" content=\"article\" \/>\n<meta property=\"og:title\" content=\"Sobre n\u00f3s - Blog AirSell\" \/>\n<meta property=\"og:description\" content=\"Air Sell Loca\u00e7\u00f5es Somos uma empresa de loca\u00e7\u00e3o, venda e manuten\u00e7\u00e3o de compressores, acess\u00f3rios para os mesmo e ferramentas pneum\u00e1ticas. Criada e legalizada em 2014, por seu fundador Edilson Jos\u00e9. Apesar da rec\u00eancia a mesma est\u00e1 se consolidando no mercado de trabalho devido ao seu \u00eaxito no atendimento , conta com o auxilio de uma [&hellip;]\" \/>\n<meta property=\"og:url\" content=\"https:\/\/blog.airsell.com.br\/?page_id=20\" \/>\n<meta property=\"og:site_name\" content=\"Blog AirSell\" \/>\n<meta property=\"article:modified_time\" content=\"2024-03-21T15:22:40+00:00\" \/>\n<meta property=\"og:image\" content=\"https:\/\/blog.airsell.com.br\/wp-content\/uploads\/2024\/03\/air.jpg\" \/>\n<meta name=\"twitter:card\" content=\"summary_large_image\" \/>\n<meta name=\"twitter:label1\" content=\"Est. reading time\" \/>\n\t<meta name=\"twitter:data1\" content=\"1 minute\" \/>\n<script type=\"application\/ld+json\" class=\"yoast-schema-graph\">{\"@context\":\"https:\/\/schema.org\",\"@graph\":[{\"@type\":\"WebPage\",\"@id\":\"https:\/\/blog.airsell.com.br\/?page_id=20\",\"url\":\"https:\/\/blog.airsell.com.br\/?page_id=20\",\"name\":\"Sobre n\u00f3s - Blog AirSell\",\"isPartOf\":{\"@id\":\"https:\/\/blog.airsell.com.br\/#website\"},\"primaryImageOfPage\":{\"@id\":\"https:\/\/blog.airsell.com.br\/?page_id=20#primaryimage\"},\"image\":{\"@id\":\"https:\/\/blog.airsell.com.br\/?page_id=20#primaryimage\"},\"thumbnailUrl\":\"https:\/\/blog.airsell.com.br\/wp-content\/uploads\/2024\/03\/air.jpg\",\"datePublished\":\"2024-03-20T14:09:02+00:00\",\"dateModified\":\"2024-03-21T15:22:40+00:00\",\"breadcrumb\":{\"@id\":\"https:\/\/blog.airsell.com.br\/?page_id=20#breadcrumb\"},\"inLanguage\":\"en-US\",\"potentialAction\":[{\"@type\":\"ReadAction\",\"target\":[\"https:\/\/blog.airsell.com.br\/?page_id=20\"]}]},{\"@type\":\"ImageObject\",\"inLanguage\":\"en-US\",\"@id\":\"https:\/\/blog.airsell.com.br\/?page_id=20#primaryimage\",\"url\":\"https:\/\/blog.airsell.com.br\/wp-content\/uploads\/2024\/03\/air.jpg\",\"contentUrl\":\"https:\/\/blog.airsell.com.br\/wp-content\/uploads\/2024\/03\/air.jpg\",\"width\":680,\"height\":471},{\"@type\":\"BreadcrumbList\",\"@id\":\"https:\/\/blog.airsell.com.br\/?page_id=20#breadcrumb\",\"itemListElement\":[{\"@type\":\"ListItem\",\"position\":1,\"name\":\"In\u00edcio\",\"item\":\"https:\/\/blog.airsell.com.br\/\"},{\"@type\":\"ListItem\",\"position\":2,\"name\":\"Artigos\",\"item\":\"https:\/\/blog.airsell.com.br\/?page_id=18\"},{\"@type\":\"ListItem\",\"position\":3,\"name\":\"Contatos\",\"item\":\"https:\/\/blog.airsell.com.br\/?page_id=22\"},{\"@type\":\"ListItem\",\"position\":4,\"name\":\"Sobre n\u00f3s\"}]},{\"@type\":\"WebSite\",\"@id\":\"https:\/\/blog.airsell.com.br\/#website\",\"url\":\"https:\/\/blog.airsell.com.br\/\",\"name\":\"Blog AirSell\",\"description\":\"\",\"publisher\":{\"@id\":\"https:\/\/blog.airsell.com.br\/#organization\"},\"potentialAction\":[{\"@type\":\"SearchAction\",\"target\":{\"@type\":\"EntryPoint\",\"urlTemplate\":\"https:\/\/blog.airsell.com.br\/?s={search_term_string}\"},\"query-input\":{\"@type\":\"PropertyValueSpecification\",\"valueRequired\":true,\"valueName\":\"search_term_string\"}}],\"inLanguage\":\"en-US\"},{\"@type\":\"Organization\",\"@id\":\"https:\/\/blog.airsell.com.br\/#organization\",\"name\":\"Blog AirSell\",\"url\":\"https:\/\/blog.airsell.com.br\/\",\"logo\":{\"@type\":\"ImageObject\",\"inLanguage\":\"en-US\",\"@id\":\"https:\/\/blog.airsell.com.br\/#\/schema\/logo\/image\/\",\"url\":\"https:\/\/blog.airsell.com.br\/wp-content\/uploads\/2024\/03\/WhatsApp-Image-2024-03-14-at-11.51.01-1.png\",\"contentUrl\":\"https:\/\/blog.airsell.com.br\/wp-content\/uploads\/2024\/03\/WhatsApp-Image-2024-03-14-at-11.51.01-1.png\",\"width\":576,\"height\":576,\"caption\":\"Blog AirSell\"},\"image\":{\"@id\":\"https:\/\/blog.airsell.com.br\/#\/schema\/logo\/image\/\"}}]}<\/script>\n<!-- \/ Yoast SEO plugin. -->","yoast_head_json":{"title":"Sobre n\u00f3s - Blog AirSell","robots":{"index":"index","follow":"follow","max-snippet":"max-snippet:-1","max-image-preview":"max-image-preview:large","max-video-preview":"max-video-preview:-1"},"canonical":"https:\/\/blog.airsell.com.br\/?page_id=20","og_locale":"en_US","og_type":"article","og_title":"Sobre n\u00f3s - Blog AirSell","og_description":"Air Sell Loca\u00e7\u00f5es Somos uma empresa de loca\u00e7\u00e3o, venda e manuten\u00e7\u00e3o de compressores, acess\u00f3rios para os mesmo e ferramentas pneum\u00e1ticas. Criada e legalizada em 2014, por seu fundador Edilson Jos\u00e9. Apesar da rec\u00eancia a mesma est\u00e1 se consolidando no mercado de trabalho devido ao seu \u00eaxito no atendimento , conta com o auxilio de uma [&hellip;]","og_url":"https:\/\/blog.airsell.com.br\/?page_id=20","og_site_name":"Blog AirSell","article_modified_time":"2024-03-21T15:22:40+00:00","og_image":[{"url":"https:\/\/blog.airsell.com.br\/wp-content\/uploads\/2024\/03\/air.jpg","type":"","width":"","height":""}],"twitter_card":"summary_large_image","twitter_misc":{"Est. reading time":"1 minute"},"schema":{"@context":"https:\/\/schema.org","@graph":[{"@type":"WebPage","@id":"https:\/\/blog.airsell.com.br\/?page_id=20","url":"https:\/\/blog.airsell.com.br\/?page_id=20","name":"Sobre n\u00f3s - Blog AirSell","isPartOf":{"@id":"https:\/\/blog.airsell.com.br\/#website"},"primaryImageOfPage":{"@id":"https:\/\/blog.airsell.com.br\/?page_id=20#primaryimage"},"image":{"@id":"https:\/\/blog.airsell.com.br\/?page_id=20#primaryimage"},"thumbnailUrl":"https:\/\/blog.airsell.com.br\/wp-content\/uploads\/2024\/03\/air.jpg","datePublished":"2024-03-20T14:09:02+00:00","dateModified":"2024-03-21T15:22:40+00:00","breadcrumb":{"@id":"https:\/\/blog.airsell.com.br\/?page_id=20#breadcrumb"},"inLanguage":"en-US","potentialAction":[{"@type":"ReadAction","target":["https:\/\/blog.airsell.com.br\/?page_id=20"]}]},{"@type":"ImageObject","inLanguage":"en-US","@id":"https:\/\/blog.airsell.com.br\/?page_id=20#primaryimage","url":"https:\/\/blog.airsell.com.br\/wp-content\/uploads\/2024\/03\/air.jpg","contentUrl":"https:\/\/blog.airsell.com.br\/wp-content\/uploads\/2024\/03\/air.jpg","width":680,"height":471},{"@type":"BreadcrumbList","@id":"https:\/\/blog.airsell.com.br\/?page_id=20#breadcrumb","itemListElement":[{"@type":"ListItem","position":1,"name":"In\u00edcio","item":"https:\/\/blog.airsell.com.br\/"},{"@type":"ListItem","position":2,"name":"Artigos","item":"https:\/\/blog.airsell.com.br\/?page_id=18"},{"@type":"ListItem","position":3,"name":"Contatos","item":"https:\/\/blog.airsell.com.br\/?page_id=22"},{"@type":"ListItem","position":4,"name":"Sobre n\u00f3s"}]},{"@type":"WebSite","@id":"https:\/\/blog.airsell.com.br\/#website","url":"https:\/\/blog.airsell.com.br\/","name":"Blog AirSell","description":"","publisher":{"@id":"https:\/\/blog.airsell.com.br\/#organization"},"potentialAction":[{"@type":"SearchAction","target":{"@type":"EntryPoint","urlTemplate":"https:\/\/blog.airsell.com.br\/?s={search_term_string}"},"query-input":{"@type":"PropertyValueSpecification","valueRequired":true,"valueName":"search_term_string"}}],"inLanguage":"en-US"},{"@type":"Organization","@id":"https:\/\/blog.airsell.com.br\/#organization","name":"Blog AirSell","url":"https:\/\/blog.airsell.com.br\/","logo":{"@type":"ImageObject","inLanguage":"en-US","@id":"https:\/\/blog.airsell.com.br\/#\/schema\/logo\/image\/","url":"https:\/\/blog.airsell.com.br\/wp-content\/uploads\/2024\/03\/WhatsApp-Image-2024-03-14-at-11.51.01-1.png","contentUrl":"https:\/\/blog.airsell.com.br\/wp-content\/uploads\/2024\/03\/WhatsApp-Image-2024-03-14-at-11.51.01-1.png","width":576,"height":576,"caption":"Blog AirSell"},"image":{"@id":"https:\/\/blog.airsell.com.br\/#\/schema\/logo\/image\/"}}]}},"_links":{"self":[{"href":"https:\/\/blog.airsell.com.br\/index.php?rest_route=\/wp\/v2\/pages\/20","targetHints":{"allow":["GET"]}}],"collection":[{"href":"https:\/\/blog.airsell.com.br\/index.php?rest_route=\/wp\/v2\/pages"}],"about":[{"href":"https:\/\/blog.airsell.com.br\/index.php?rest_route=\/wp\/v2\/types\/page"}],"author":[{"embeddable":true,"href":"https:\/\/blog.airsell.com.br\/index.php?rest_route=\/wp\/v2\/users\/1"}],"replies":[{"embeddable":true,"href":"https:\/\/blog.airsell.com.br\/index.php?rest_route=%2Fwp%2Fv2%2Fcomments&post=20"}],"version-history":[{"count":20,"href":"https:\/\/blog.airsell.com.br\/index.php?rest_route=\/wp\/v2\/pages\/20\/revisions"}],"predecessor-version":[{"id":241,"href":"https:\/\/blog.airsell.com.br\/index.php?rest_route=\/wp\/v2\/pages\/20\/revisions\/241"}],"up":[{"embeddable":true,"href":"https:\/\/blog.airsell.com.br\/index.php?rest_route=\/wp\/v2\/pages\/22"}],"wp:attachment":[{"href":"https:\/\/blog.airsell.com.br\/index.php?rest_route=%2Fwp%2Fv2%2Fmedia&parent=20"}],"curies":[{"name":"wp","href":"https:\/\/api.w.org\/{rel}","templated":true}]}}